{"id":840,"date":"2024-10-11T15:36:57","date_gmt":"2024-10-11T15:36:57","guid":{"rendered":"https:\/\/bb-dl.de\/?page_id=840"},"modified":"2024-10-12T10:25:56","modified_gmt":"2024-10-12T10:25:56","slug":"impressum","status":"publish","type":"page","link":"https:\/\/bb-dl.de\/tr\/impressum\/","title":{"rendered":"K\u00fcnye"},"content":{"rendered":"<div data-elementor-type=\"wp-page\" data-elementor-id=\"840\" class=\"elementor elementor-840\" data-elementor-settings=\"{&quot;element_pack_global_tooltip_width&quot;:{&quot;unit&quot;:&quot;px&quot;,&quot;size&quot;:&quot;&quot;,&quot;sizes&quot;:[]},&quot;element_pack_global_tooltip_width_tablet&quot;:{&quot;unit&quot;:&quot;px&quot;,&quot;size&quot;:&quot;&quot;,&quot;sizes&quot;:[]},&quot;element_pack_global_tooltip_width_mobile&quot;:{&quot;unit&quot;:&quot;px&quot;,&quot;size&quot;:&quot;&quot;,&quot;sizes&quot;:[]},&quot;element_pack_global_tooltip_padding&quot;:{&quot;unit&quot;:&quot;px&quot;,&quot;top&quot;:&quot;&quot;,&quot;right&quot;:&quot;&quot;,&quot;bottom&quot;:&quot;&quot;,&quot;left&quot;:&quot;&quot;,&quot;isLinked&quot;:true},&quot;element_pack_global_tooltip_padding_tablet&quot;:{&quot;unit&quot;:&quot;px&quot;,&quot;top&quot;:&quot;&quot;,&quot;right&quot;:&quot;&quot;,&quot;bottom&quot;:&quot;&quot;,&quot;left&quot;:&quot;&quot;,&quot;isLinked&quot;:true},&quot;element_pack_global_tooltip_padding_mobile&quot;:{&quot;unit&quot;:&quot;px&quot;,&quot;top&quot;:&quot;&quot;,&quot;right&quot;:&quot;&quot;,&quot;bottom&quot;:&quot;&quot;,&quot;left&quot;:&quot;&quot;,&quot;isLinked&quot;:true},&quot;element_pack_global_tooltip_border_radius&quot;:{&quot;unit&quot;:&quot;px&quot;,&quot;top&quot;:&quot;&quot;,&quot;right&quot;:&quot;&quot;,&quot;bottom&quot;:&quot;&quot;,&quot;left&quot;:&quot;&quot;,&quot;isLinked&quot;:true},&quot;element_pack_global_tooltip_border_radius_tablet&quot;:{&quot;unit&quot;:&quot;px&quot;,&quot;top&quot;:&quot;&quot;,&quot;right&quot;:&quot;&quot;,&quot;bottom&quot;:&quot;&quot;,&quot;left&quot;:&quot;&quot;,&quot;isLinked&quot;:true},&quot;element_pack_global_tooltip_border_radius_mobile&quot;:{&quot;unit&quot;:&quot;px&quot;,&quot;top&quot;:&quot;&quot;,&quot;right&quot;:&quot;&quot;,&quot;bottom&quot;:&quot;&quot;,&quot;left&quot;:&quot;&quot;,&quot;isLinked&quot;:true}}\">\n\t\t\t\t<div class=\"elementor-element elementor-element-7ff2df7 e-flex e-con-boxed e-con e-parent\" data-id=\"7ff2df7\" data-element_type=\"container\" data-e-type=\"container\">\n\t\t\t\t\t<div class=\"e-con-inner\">\n\t\t\t\t<div class=\"elementor-element elementor-element-6ed68b7 elementor-widget elementor-widget-text-editor\" data-id=\"6ed68b7\" data-element_type=\"widget\" data-e-type=\"widget\" data-widget_type=\"text-editor.default\">\n\t\t\t\t<div class=\"elementor-widget-container\">\n\t\t\t\t\t\t\t\t\t<p><strong>K\u00fcnye<\/strong><\/p><p>Dominik Lange<br \/>Viktor-Reuter-Stra\u00dfe 9<br \/>44623 Herne<\/p><p><strong>Bize ula\u015f\u0131n<\/strong><\/p><p>Telefon: 01511\/4478413<br \/>E-Mail: lange@bb-dl.de<\/p><p><strong>Aufsichtsbeh\u00f6rde<\/strong><\/p><p>Amtsgericht Herne<br \/>Friedrich-Ebert-Platz 1<br \/>44601 Herne<\/p><p><a href=\"https:\/\/www.ag-herne.nrw.de\/\" target=\"_blank\" rel=\"noopener noreferrer\">https:\/\/www.ag-herne.nrw.de\/<\/a><\/p><p><strong>Redaktionell verantwortlich<\/strong><\/p><p>Dominik Lange<\/p><p><strong>Verbraucher\u00adstreit\u00adbeilegung\/Universal\u00adschlichtungs\u00adstelle<\/strong><\/p><p>Wir sind nicht bereit oder verpflichtet, an Streitbeilegungsverfahren vor einer Verbraucherschlichtungsstelle teilzunehmen.<\/p><p><a href=\"https:\/\/bb-dl.de\/tr\/datenschutz\/\"><b>D<\/b><b>atenschutzerkl\u00e4rung<\/b>\u00a0<\/a><\/p><p><b><u>Disclaimer:<\/u><\/b><\/p><p><b>Haftung f\u00fcr Inhalte<br \/><\/b>Als Diensteanbieter sind wir gem\u00e4\u00df \u00a7 7 Abs. 1 TMG f\u00fcr eigene Inhalte auf diesen Seiten nach den allgremeinen Gesetzen verantwortlich. Nach \u00a7\u00a7 8 bis 10 TMG sind wir als Diensteanbieter jedoch nicht verpflichtet, \u00fcbermittelte oder gespeicherte fremde Informationen zu \u00fcberwachen oder nach Umst\u00e4nden zu forschen, die auf eine rechtswidrige T\u00e4tigkeit hinweisen. Verpflichtungen zur Entfernung oder Sperrung der Nutzung von Informationen nach den algemeinen Gestzen bleiben hiervon unber\u00fchrt. Eine diesbez\u00fcgiche Haftung ist jedoch erst ab dem Zeitpunkt der Kenntnis einer konkreten Rechtsverletzung m\u00f6glich. Bei Bekanntwerden von entsprechenden Rechtsverletzungen werden wir diese Inhalte umgehend entfernen.<\/p><p><b>Haftung f\u00fcr Links<\/b><br \/>Unser Angebot enth\u00e4lt Links zu externen Webseiten Dritter, auf deren Inhalte wir keinen Einfluss haben. Deshalb k\u00f6nnen wir f\u00fcr diese fremden inhalte auch keine Gew\u00e4hr \u00fcbernehmen. F\u00fcr die Inhalte der verlinkten Seiten ist stets der jeweilige Anbieter oder Betreieber der Seiten verantwortlich. Die verlinkten Seiten wurden zum Zeitpunkt der Verlinkung auf m\u00f6gliche Rechtsverst\u00f6\u00dfe \u00fcberpr\u00fcft. Rechtswidrige Inhalte waren zum Zeitpunkt der Verlinkung nicht erkennbar. Eine permanente inhaltliche Kontrolle der verlinkten Seiten ist ohne konkrete Anhaltspunkte einer Rechtsverletzung nicht zumutbar. Bei Bekanntwerden von Rechtsverletzungen werden wir darartige Links umgehend entfernen.<\/p><p><b>Urheberrecht<\/b><br \/>Die durch die Seitenbetreiber erstellten Inhalte oder Werke unf diesen Seiten unterliegen dem deutschen Urheberrecht. Die Vervielf\u00e4ltigung, Bearbeitung, Verbreitung, und jede Art der Verwertung au\u00dferhalb der Grenzen des Urheberrechtes bed\u00fcrfen der schriftlichen Zustimmung des jeweiligen Autors bzw. Erstellers. Downloads und Kopien dieser Seiten sind nur f\u00fcr den privaten, nicht kommerziellen Gebrauch gestattet. Soweit die Inhalte auf dieser Seite nicht vom Betreiber erstellt wurden, werden die Urheberrechte Dritter beachtet. nsbesondere werden Inhalte Dritter als solche gekennzeichnet. Sollten Sie trotzdem auf eine Urheberverletzung aufmerksam werden, bitten wir um einen entsprechenden Hinweis. Bei bekanntwerden von Rechtsverletzungen werden wir derartige Inhalte umgehend entfernen.<\/p><p>Quelle: <a href=\"https:\/\/www.e-recht24.de\/impressum-generator.html\">https:\/\/www.e-recht24.de\/impressum-generator.html<\/a><\/p>\t\t\t\t\t\t\t\t<\/div>\n\t\t\t\t<\/div>\n\t\t\t\t\t<\/div>\n\t\t\t\t<\/div>\n\t\t\t\t<\/div>","protected":false},"excerpt":{"rendered":"<p>Impressum Dominik LangeViktor-Reuter-Stra\u00dfe 944623 Herne Kontakt Telefon: 01511\/4478413E-Mail: lange@bb-dl.de Aufsichtsbeh\u00f6rde Amtsgericht HerneFriedrich-Ebert-Platz 144601 Herne https:\/\/www.ag-herne.nrw.de\/ Redaktionell verantwortlich Dominik Lange Verbraucher\u00adstreit\u00adbeilegung\/Universal\u00adschlichtungs\u00adstelle Wir sind nicht bereit oder verpflichtet, an Streitbeilegungsverfahren vor einer Verbraucherschlichtungsstelle teilzunehmen. Datenschutzerkl\u00e4rung\u00a0 Disclaimer: Haftung f\u00fcr InhalteAls Diensteanbieter sind wir gem\u00e4\u00df \u00a7 7 Abs. 1 TMG f\u00fcr eigene Inhalte auf diesen Seiten nach den allgremeinen [&hellip;]<\/p>\n","protected":false},"author":2,"featured_media":0,"parent":0,"menu_order":0,"comment_status":"closed","ping_status":"closed","template":"elementor_header_footer","meta":{"footnotes":""},"class_list":["post-840","page","type-page","status-publish","hentry"],"yoast_head":"<!-- This site is optimized with the Yoast SEO plugin v27.4 - https:\/\/yoast.com\/product\/yoast-seo-wordpress\/ -->\n<title>Impressum - Beratende Betreuung<\/title>\n<meta name=\"robots\" content=\"index, follow, max-snippet:-1, max-image-preview:large, max-video-preview:-1\" \/>\n<link rel=\"canonical\" href=\"https:\/\/bb-dl.de\/tr\/impressum\/\" \/>\n<meta property=\"og:locale\" content=\"tr_TR\" \/>\n<meta property=\"og:type\" content=\"article\" \/>\n<meta property=\"og:title\" content=\"Impressum - Beratende Betreuung\" \/>\n<meta property=\"og:description\" content=\"Impressum Dominik LangeViktor-Reuter-Stra\u00dfe 944623 Herne Kontakt Telefon: 01511\/4478413E-Mail: lange@bb-dl.de Aufsichtsbeh\u00f6rde Amtsgericht HerneFriedrich-Ebert-Platz 144601 Herne https:\/\/www.ag-herne.nrw.de\/ Redaktionell verantwortlich Dominik Lange Verbraucher\u00adstreit\u00adbeilegung\/Universal\u00adschlichtungs\u00adstelle Wir sind nicht bereit oder verpflichtet, an Streitbeilegungsverfahren vor einer Verbraucherschlichtungsstelle teilzunehmen. Datenschutzerkl\u00e4rung\u00a0 Disclaimer: Haftung f\u00fcr InhalteAls Diensteanbieter sind wir gem\u00e4\u00df \u00a7 7 Abs. 1 TMG f\u00fcr eigene Inhalte auf diesen Seiten nach den allgremeinen [&hellip;]\" \/>\n<meta property=\"og:url\" content=\"https:\/\/bb-dl.de\/tr\/impressum\/\" \/>\n<meta property=\"og:site_name\" content=\"Beratende Betreuung\" \/>\n<meta property=\"article:modified_time\" content=\"2024-10-12T10:25:56+00:00\" \/>\n<meta name=\"twitter:card\" content=\"summary_large_image\" \/>\n<meta name=\"twitter:label1\" content=\"Tahmini okuma s\u00fcresi\" \/>\n\t<meta name=\"twitter:data1\" content=\"2 dakika\" \/>\n<script type=\"application\/ld+json\" class=\"yoast-schema-graph\">{\"@context\":\"https:\\\/\\\/schema.org\",\"@graph\":[{\"@type\":\"WebPage\",\"@id\":\"https:\\\/\\\/bb-dl.de\\\/impressum\\\/\",\"url\":\"https:\\\/\\\/bb-dl.de\\\/impressum\\\/\",\"name\":\"Impressum - Beratende Betreuung\",\"isPartOf\":{\"@id\":\"https:\\\/\\\/bb-dl.de\\\/#website\"},\"datePublished\":\"2024-10-11T15:36:57+00:00\",\"dateModified\":\"2024-10-12T10:25:56+00:00\",\"breadcrumb\":{\"@id\":\"https:\\\/\\\/bb-dl.de\\\/impressum\\\/#breadcrumb\"},\"inLanguage\":\"tr\",\"potentialAction\":[{\"@type\":\"ReadAction\",\"target\":[\"https:\\\/\\\/bb-dl.de\\\/impressum\\\/\"]}]},{\"@type\":\"BreadcrumbList\",\"@id\":\"https:\\\/\\\/bb-dl.de\\\/impressum\\\/#breadcrumb\",\"itemListElement\":[{\"@type\":\"ListItem\",\"position\":1,\"name\":\"Startseite\",\"item\":\"https:\\\/\\\/bb-dl.de\\\/\"},{\"@type\":\"ListItem\",\"position\":2,\"name\":\"Impressum\"}]},{\"@type\":\"WebSite\",\"@id\":\"https:\\\/\\\/bb-dl.de\\\/#website\",\"url\":\"https:\\\/\\\/bb-dl.de\\\/\",\"name\":\"Beratende Betreuung\",\"description\":\"Dominik Lange\",\"publisher\":{\"@id\":\"https:\\\/\\\/bb-dl.de\\\/#organization\"},\"potentialAction\":[{\"@type\":\"SearchAction\",\"target\":{\"@type\":\"EntryPoint\",\"urlTemplate\":\"https:\\\/\\\/bb-dl.de\\\/?s={search_term_string}\"},\"query-input\":{\"@type\":\"PropertyValueSpecification\",\"valueRequired\":true,\"valueName\":\"search_term_string\"}}],\"inLanguage\":\"tr\"},{\"@type\":\"Organization\",\"@id\":\"https:\\\/\\\/bb-dl.de\\\/#organization\",\"name\":\"Beratende Betreuung\",\"url\":\"https:\\\/\\\/bb-dl.de\\\/\",\"logo\":{\"@type\":\"ImageObject\",\"inLanguage\":\"tr\",\"@id\":\"https:\\\/\\\/bb-dl.de\\\/#\\\/schema\\\/logo\\\/image\\\/\",\"url\":\"https:\\\/\\\/bb-dl.de\\\/wp-content\\\/uploads\\\/2024\\\/10\\\/cropped-Favicon.png\",\"contentUrl\":\"https:\\\/\\\/bb-dl.de\\\/wp-content\\\/uploads\\\/2024\\\/10\\\/cropped-Favicon.png\",\"width\":512,\"height\":512,\"caption\":\"Beratende Betreuung\"},\"image\":{\"@id\":\"https:\\\/\\\/bb-dl.de\\\/#\\\/schema\\\/logo\\\/image\\\/\"}}]}<\/script>\n<!-- \/ Yoast SEO plugin. -->","yoast_head_json":{"title":"Impressum - Beratende Betreuung","robots":{"index":"index","follow":"follow","max-snippet":"max-snippet:-1","max-image-preview":"max-image-preview:large","max-video-preview":"max-video-preview:-1"},"canonical":"https:\/\/bb-dl.de\/tr\/impressum\/","og_locale":"tr_TR","og_type":"article","og_title":"Impressum - Beratende Betreuung","og_description":"Impressum Dominik LangeViktor-Reuter-Stra\u00dfe 944623 Herne Kontakt Telefon: 01511\/4478413E-Mail: lange@bb-dl.de Aufsichtsbeh\u00f6rde Amtsgericht HerneFriedrich-Ebert-Platz 144601 Herne https:\/\/www.ag-herne.nrw.de\/ Redaktionell verantwortlich Dominik Lange Verbraucher\u00adstreit\u00adbeilegung\/Universal\u00adschlichtungs\u00adstelle Wir sind nicht bereit oder verpflichtet, an Streitbeilegungsverfahren vor einer Verbraucherschlichtungsstelle teilzunehmen. Datenschutzerkl\u00e4rung\u00a0 Disclaimer: Haftung f\u00fcr InhalteAls Diensteanbieter sind wir gem\u00e4\u00df \u00a7 7 Abs. 1 TMG f\u00fcr eigene Inhalte auf diesen Seiten nach den allgremeinen [&hellip;]","og_url":"https:\/\/bb-dl.de\/tr\/impressum\/","og_site_name":"Beratende Betreuung","article_modified_time":"2024-10-12T10:25:56+00:00","twitter_card":"summary_large_image","twitter_misc":{"Tahmini okuma s\u00fcresi":"2 dakika"},"schema":{"@context":"https:\/\/schema.org","@graph":[{"@type":"WebPage","@id":"https:\/\/bb-dl.de\/impressum\/","url":"https:\/\/bb-dl.de\/impressum\/","name":"Impressum - Beratende Betreuung","isPartOf":{"@id":"https:\/\/bb-dl.de\/#website"},"datePublished":"2024-10-11T15:36:57+00:00","dateModified":"2024-10-12T10:25:56+00:00","breadcrumb":{"@id":"https:\/\/bb-dl.de\/impressum\/#breadcrumb"},"inLanguage":"tr","potentialAction":[{"@type":"ReadAction","target":["https:\/\/bb-dl.de\/impressum\/"]}]},{"@type":"BreadcrumbList","@id":"https:\/\/bb-dl.de\/impressum\/#breadcrumb","itemListElement":[{"@type":"ListItem","position":1,"name":"Startseite","item":"https:\/\/bb-dl.de\/"},{"@type":"ListItem","position":2,"name":"Impressum"}]},{"@type":"WebSite","@id":"https:\/\/bb-dl.de\/#website","url":"https:\/\/bb-dl.de\/","name":"Dan\u0131\u015fmanl\u0131k deste\u011fi","description":"Dominik Lange","publisher":{"@id":"https:\/\/bb-dl.de\/#organization"},"potentialAction":[{"@type":"SearchAction","target":{"@type":"EntryPoint","urlTemplate":"https:\/\/bb-dl.de\/?s={search_term_string}"},"query-input":{"@type":"PropertyValueSpecification","valueRequired":true,"valueName":"search_term_string"}}],"inLanguage":"tr"},{"@type":"Organization","@id":"https:\/\/bb-dl.de\/#organization","name":"Dan\u0131\u015fmanl\u0131k deste\u011fi","url":"https:\/\/bb-dl.de\/","logo":{"@type":"ImageObject","inLanguage":"tr","@id":"https:\/\/bb-dl.de\/#\/schema\/logo\/image\/","url":"https:\/\/bb-dl.de\/wp-content\/uploads\/2024\/10\/cropped-Favicon.png","contentUrl":"https:\/\/bb-dl.de\/wp-content\/uploads\/2024\/10\/cropped-Favicon.png","width":512,"height":512,"caption":"Beratende Betreuung"},"image":{"@id":"https:\/\/bb-dl.de\/#\/schema\/logo\/image\/"}}]}},"_links":{"self":[{"href":"https:\/\/bb-dl.de\/tr\/wp-json\/wp\/v2\/pages\/840","targetHints":{"allow":["GET"]}}],"collection":[{"href":"https:\/\/bb-dl.de\/tr\/wp-json\/wp\/v2\/pages"}],"about":[{"href":"https:\/\/bb-dl.de\/tr\/wp-json\/wp\/v2\/types\/page"}],"author":[{"embeddable":true,"href":"https:\/\/bb-dl.de\/tr\/wp-json\/wp\/v2\/users\/2"}],"replies":[{"embeddable":true,"href":"https:\/\/bb-dl.de\/tr\/wp-json\/wp\/v2\/comments?post=840"}],"version-history":[{"count":10,"href":"https:\/\/bb-dl.de\/tr\/wp-json\/wp\/v2\/pages\/840\/revisions"}],"predecessor-version":[{"id":861,"href":"https:\/\/bb-dl.de\/tr\/wp-json\/wp\/v2\/pages\/840\/revisions\/861"}],"wp:attachment":[{"href":"https:\/\/bb-dl.de\/tr\/wp-json\/wp\/v2\/media?parent=840"}],"curies":[{"name":"wp","href":"https:\/\/api.w.org\/{rel}","templated":true}]}}